{"id":2387,"date":"2023-05-22T11:02:51","date_gmt":"2023-05-22T11:02:51","guid":{"rendered":"https:\/\/web32941.greatnet-hosting.de\/?page_id=2387"},"modified":"2026-03-25T07:35:47","modified_gmt":"2026-03-25T06:35:47","slug":"cookies-infos","status":"publish","type":"page","link":"https:\/\/mv-malschenberg.de\/index.php\/cookies-infos\/","title":{"rendered":"Cookies-Infos"},"content":{"rendered":"<div class=\"et_pb_section_0 et_pb_section et_section_regular et_block_section\">\n<div class=\"et_pb_row_0 et_pb_row et_block_row\">\n<div class=\"et_pb_column_0 et_pb_column et_pb_column_4_4 et-last-child et_block_column et_pb_css_mix_blend_mode_passthrough\">\n<div class=\"et_pb_text_0 et_pb_text et_pb_bg_layout_light et_pb_module et_block_module\"><div class=\"et_pb_text_inner\"><h4><span style=\"color: #0000ff;\"><strong>Welche Arten von Cookies verwenden wir?<\/strong><\/span><\/h4>\n<p><span style=\"color: #0000ff;\"><strong><\/strong>Wie die meisten Onlinedienste verwendet unsere Website Cookies von Erstanbietern und Drittanbietern f\u00fcr verschiedene Zwecke. Erstanbieter-Cookies sind meistens erforderlich, damit die Website ordnungsgem\u00e4\u00df funktioniert, und sie sammeln keine Ihrer personenbezogenen Daten. Die auf unserer Website verwendeten Cookies von Drittanbietern dienen haupts\u00e4chlich dazu, die Leistung der Website zu verstehen, wie Sie mit unserer Website interagieren, unsere Dienste sicher zu halten, f\u00fcr Sie relevante Werbung bereitzustellen und Ihnen insgesamt einen besseren und verbesserten Benutzer zu bieten Erleben und beschleunigen Sie Ihre zuk\u00fcnftigen Interaktionen mit unserer Website.<\/span><\/p>\n<h4><span style=\"color: #0000ff;\"><strong>Cookie Richtlinien<\/strong><\/span><\/h4>\n<p><span style=\"color: #0000ff;\">In dieser Cookie-Richtlinie wird erl\u00e4utert, was Cookies sind und wie wir sie verwenden, welche Arten von Cookies wir verwenden, d. h. welche Informationen wir mithilfe von Cookies sammeln und wie diese Informationen verwendet werden und wie die Cookie-Einstellungen gesteuert werden. Weitere Informationen dar\u00fcber, wie wir Ihre pers\u00f6nlichen Daten verwenden, speichern und sch\u00fctzen, finden Sie in unseren Datenschutzbestimmungen.<\/span><\/p>\n<p><span style=\"color: #0000ff;\">Sie k\u00f6nnen Ihre Zustimmung jederzeit von der Cookie-Erkl\u00e4rung auf unserer Website \u00e4ndern oder widerrufen.<\/span><br \/><span style=\"color: #0000ff;\">N\u00e4heres entnehmen Sie bitte aus unseren Datenschutzrichtlinien, oder Kontaktieren Sie uns bitte.<\/span><br \/><span style=\"color: #0000ff;\">Ihre Zustimmung gilt f\u00fcr die folgenden Domain:<span style=\"color: #ff0000;\">\u00a0<a href=\"http:\/\/www.mpcutting.com\/\" style=\"color: #ff0000;\">www.mv-malschenberg.de<\/a><\/span><\/span><\/p>\n<h4><span style=\"color: #0000ff;\"><strong>Was sind Cookies ?<\/strong><\/span><\/h4>\n<p><span style=\"color: #0000ff;\">Cookies sind kleine Textdateien, in denen kleine Informationen gespeichert werden. Sie werden auf Ihrem Ger\u00e4t gespeichert, wenn die Website in Ihren Browser geladen wird. Diese Cookies helfen uns dabei, die Website sicherer zu machen, und durch Ihre Nutzung , die Leistung der Website zu verstehen und zu analysieren, was funktioniert und wo Verbesserungen erforderlich sind.<\/span><\/p>\n<h4><span style=\"color: #0000ff;\"><strong>Wie verwenden wir Cookies ?<\/strong><\/span><\/h4>\n<p><span style=\"color: #0000ff;\">Wie die meisten Onlinedienste verwendet unsere Website Cookies von Erstanbietern und Drittanbietern f\u00fcr verschiedene Zwecke. Erstanbieter-Cookies sind meistens erforderlich, damit die Website ordnungsgem\u00e4\u00df funktioniert, und sie sammeln keine Ihrer personenbezogenen Daten. Die auf unserer Website verwendeten Cookies von Drittanbietern dienen haupts\u00e4chlich dazu, die Leistung der Website zu verstehen, wie Sie mit unserer Website interagieren, unsere Dienste sicher zu halten, f\u00fcr Sie relevante Werbung bereitzustellen und Ihnen insgesamt einen besseren und verbesserten Benutzer zu bieten Erleben und beschleunigen Sie Ihre zuk\u00fcnftigen Interaktionen mit unserer Website.<\/span><\/p>\n<h4><span style=\"color: #0000ff;\"><strong>Welche Arten von Cookies verwenden wir?<\/strong><\/span><\/h4>\n<p><span style=\"color: #0000ff;\">Unverzichtbar: Einige Cookies sind unerl\u00e4sslich, damit Sie die volle Funktionalit\u00e4t unserer Website nutzen k\u00f6nnen. Sie erm\u00f6glichen es uns, Benutzersitzungen aufrechtzuerhalten und Sicherheitsbedrohungen zu verhindern. Sie sammeln oder speichern keine pers\u00f6nlichen Daten. Mit diesen Cookies k\u00f6nnen Sie sich beispielsweise in Ihrem Konto anmelden, Produkte in den Warenkorb legen und sicher auschecken. Statistiken: Diese Cookies speichern Informationen wie die Anzahl der Besucher der Website, die Anzahl der eindeutigen Besucher, die besuchten Seiten der Website, die Quelle des Besuchs usw. Diese Daten helfen uns zu verstehen und zu analysieren, wie gut die Website funktioniert und wo es verbessert werden muss. Marketing: Unsere Website zeigt Werbung an. Diese Cookies werden verwendet, um die Anzeigen, die wir Ihnen zeigen, so zu personalisieren, dass sie f\u00fcr Sie von Bedeutung sind. Mithilfe dieser Cookies k\u00f6nnen wir auch die Effizienz dieser Werbekampagnen verfolgen. Die in diesen Cookies gespeicherten Informationen k\u00f6nnen auch von Drittanbietern verwendet werden, um Ihnen Anzeigen auf anderen Websites im Browser zu schalten. Funktional: Dies sind die Cookies, die bestimmte nicht wesentliche Funktionen auf unserer Website unterst\u00fctzen. Diese Funktionen umfassen das Einbetten von Inhalten wie Videos oder das Teilen von Inhalten der Website auf Social Media-Plattformen. Einstellungen: Mithilfe dieser Cookies k\u00f6nnen wir Ihre Einstellungen und Browsing-Einstellungen wie Spracheinstellungen speichern, damit Sie bei zuk\u00fcnftigen Besuchen der Website eine bessere und effizientere Erfahrung machen k\u00f6nnen.<\/span><\/p>\n<h4><span style=\"color: #0000ff;\"><strong>Wie kann ich die Cookie-Einstellungen \u00e4ndern?<\/strong><\/span><\/h4>\n<p><span style=\"color: #0000ff;\">Wenn Sie Ihre Einstellungen sp\u00e4ter w\u00e4hrend Ihrer Browsersitzung \u00e4ndern m\u00f6chten, k\u00f6nnen Sie auf Ihrem Bildschirm auf die Registerkarte \u201eDatenschutz- und Cookie-Richtlinie\u201c klicken. Daraufhin wird die Einverst\u00e4ndniserkl\u00e4rung erneut angezeigt, sodass Sie Ihre Einstellungen \u00e4ndern oder Ihre Einwilligung vollst\u00e4ndig widerrufen k\u00f6nnen. Dar\u00fcber hinaus bieten verschiedene Browser unterschiedliche Methoden zum Blockieren und L\u00f6schen von Cookies, die von Websites verwendet werden. Sie k\u00f6nnen die Einstellungen Ihres Browsers \u00e4ndern, um die Cookies zu blockieren \/ l\u00f6schen. Weitere Informationen zum Verwalten und L\u00f6schen von Cookies finden Sie unter wikipedia.org, www.allaboutcookies.org.<\/span><\/p>\n<\/div><\/div>\n<\/div>\n<\/div>\n<\/div>","protected":false},"excerpt":{"rendered":"","protected":false},"author":1,"featured_media":0,"parent":0,"menu_order":0,"comment_status":"closed","ping_status":"closed","template":"","meta":{"footnotes":""},"class_list":["post-2387","page","type-page","status-publish","hentry"],"_links":{"self":[{"href":"https:\/\/mv-malschenberg.de\/index.php\/wp-json\/wp\/v2\/pages\/2387","targetHints":{"allow":["GET"]}}],"collection":[{"href":"https:\/\/mv-malschenberg.de\/index.php\/wp-json\/wp\/v2\/pages"}],"about":[{"href":"https:\/\/mv-malschenberg.de\/index.php\/wp-json\/wp\/v2\/types\/page"}],"author":[{"embeddable":true,"href":"https:\/\/mv-malschenberg.de\/index.php\/wp-json\/wp\/v2\/users\/1"}],"replies":[{"embeddable":true,"href":"https:\/\/mv-malschenberg.de\/index.php\/wp-json\/wp\/v2\/comments?post=2387"}],"version-history":[{"count":7,"href":"https:\/\/mv-malschenberg.de\/index.php\/wp-json\/wp\/v2\/pages\/2387\/revisions"}],"predecessor-version":[{"id":27891,"href":"https:\/\/mv-malschenberg.de\/index.php\/wp-json\/wp\/v2\/pages\/2387\/revisions\/27891"}],"wp:attachment":[{"href":"https:\/\/mv-malschenberg.de\/index.php\/wp-json\/wp\/v2\/media?parent=2387"}],"curies":[{"name":"wp","href":"https:\/\/api.w.org\/{rel}","templated":true}]}}