{"id":2016,"date":"2023-05-04T13:31:37","date_gmt":"2023-05-04T13:31:37","guid":{"rendered":"https:\/\/web32941.greatnet-hosting.de\/?page_id=2016"},"modified":"2026-03-25T07:38:49","modified_gmt":"2026-03-25T06:38:49","slug":"satzung","status":"publish","type":"page","link":"https:\/\/mv-malschenberg.de\/index.php\/satzung\/","title":{"rendered":"Satzung"},"content":{"rendered":"<div class=\"et_pb_section_0 et_pb_section et_section_regular et_block_section\">\n<div class=\"et_pb_row_0 et_pb_row et_block_row\">\n<div class=\"et_pb_column_0 et_pb_column et_pb_column_4_4 et-last-child et_block_column et_pb_css_mix_blend_mode_passthrough\">\n<div class=\"et_pb_text_0 et_pb_text et_pb_bg_layout_light et_pb_module et_block_module\"><div class=\"et_pb_text_inner\"><h4><span style=\"color: #0000ff;\"><strong>\u00a0Satzung des Musikverein Trachtenkapelle Harmonie e.V. Malschenberg<\/strong><\/span><\/h4>\n<p><span style=\"color: #0000ff;\">\u00a0<\/span><\/p>\n<p><span style=\"color: #0000ff;\"><strong>\u00a71 Name, Sitz, Zweck und Mitgliedschaft des Vereins<\/strong><\/span><\/p>\n<ol>\n<li><span style=\"color: #0000ff;\">Name und Sitz<\/span><\/li>\n<\/ol>\n<p><span style=\"color: #0000ff;\">Der Verein f\u00fchrt den Namen \u201eMusikverein Trachtenkapelle Harmonie e.V. Malschenberg\u201c, hat seinen Sitz in 69231 Rauenberg-Malschenberg und ist\u00a0 \u00a0 \u00a0 \u00a0eine Vereinigung von Interessenten der Laienmusik.<\/span><\/p>\n<ol start=\"2\">\n<li><span style=\"color: #0000ff;\">Zweck<\/span><\/li>\n<\/ol>\n<p><span style=\"color: #0000ff;\">Der Zweck des Vereins ist die F\u00f6rderung und Pflege der Instrumentalmusik auf volkst\u00fcmlicher Grundlage sowie die Ausbildung musikalisch\u00a0 \u00a0 \u00a0 \u00a0 \u00a0 \u00a0 \u00a0 \u00a0 \u00a0 \u00a0 \u00a0 interessierter Mitglieder.<\/span><br \/><span style=\"color: #0000ff;\">Er verfolgt ausschlie\u00dflich und unmittelbar gemeinn\u00fctzige Zwecke im Sinne des Abschnitts \u00bbSteuerbeg\u00fcnstigte Zwecke\u00ab der Abgabenordnung.<\/span><br \/><span style=\"color: #0000ff;\">Der Satzungszweck wird verwirklicht insbesondere durch die Pflege der Blasmusik.<\/span><br \/><span style=\"font-size: 14px; color: #0000ff;\">\u00a0 \u00a0 Der Verein ist selbstlos t\u00e4tig; er verfolgt nicht in erster Linie eigenwirtschaftliche Zwecke.<\/span><\/p>\n<ol start=\"3\">\n<li><span style=\"color: #0000ff;\">Mitgliedschaft<\/span><\/li>\n<\/ol>\n<p><span style=\"color: #0000ff;\">Der Verein ist Mitglied im Blasmusikverband Baden-W\u00fcrttemberg. Die Mitglieder erhalten bei Ihrem Ausscheiden oder bei Aufl\u00f6sung des Vereins\u00a0 \u00a0 \u00a0 \u00a0 \u00a0 \u00a0 \u00a0weder die eingezahlten Beitr\u00e4ge zur\u00fcck, noch haben sie irgendeinen Anspruch auf das Vereinsverm\u00f6gen.<\/span><\/p>\n<p><span style=\"color: #0000ff;\">Alle Inhaber der Vereins\u00e4mter sind ehrenamtlich t\u00e4tig.<\/span><\/p>\n<p><span style=\"color: #0000ff;\">\u00a0<\/span><\/p>\n<p><span style=\"color: #0000ff;\"><strong><span style=\"font-size: 14px;\">\u00a72 Erwerb der Mitgliedschaft<\/span><\/strong><\/span><\/p>\n<p><span style=\"color: #0000ff;\">Der Verein besteht aus aktiven und passiven Mitgliedern. Aufnahmegesuche sind m\u00fcndlich oder schriftlich an den Verein zu richten. \u00dcber die Aufnahme entscheidet der Vorstand. Bei Ablehnung des Aufnahmeantrags ist der Vorstand nicht verpflichtet dem Antragsteller die Gr\u00fcnde der Ablehnung bekannt zu geben.<\/span><\/p>\n<p><span style=\"color: #0000ff;\">\u00a0<\/span><\/p>\n<p><span style=\"color: #0000ff;\"><strong>\u00a73 Beendigung der Mitgliedschaft (Austritt, Ausschluss, Wiederaufnahmen)<\/strong><\/span><\/p>\n<ol>\n<li><span style=\"color: #0000ff;\">Die Mitgliedschaft endet:<\/span>\n<ol>\n<li><span style=\"color: #0000ff;\">mit dem Tod des Mitglieds<\/span><\/li>\n<li><span style=\"color: #0000ff;\">durch freiwilligen Austritt<\/span><\/li>\n<li><span style=\"color: #0000ff;\">durch Ausschluss<\/span><\/li>\n<\/ol>\n<\/li>\n<li><span style=\"color: #0000ff;\">Austritt<\/span><\/li>\n<\/ol>\n<p><span style=\"color: #0000ff;\">Der Austritt muss sp\u00e4testens 3 Monate vor Ablauf des Kalenderjahres schriftlich beim Verein eingereicht worden sein. Mit dem Austritt erlischt\u00a0 \u00a0 \u00a0 \u00a0 \u00a0 \u00a0 \u00a0 \u00a0 \u00a0jedes <span style=\"font-size: 14px;\">Anrecht auf das Vereinsverm\u00f6gen.<\/span><\/span><\/p>\n<ol start=\"3\">\n<li><span style=\"color: #0000ff;\">Der Ausschluss erfolgt:<\/span>\n<ol>\n<li><span style=\"color: #0000ff;\">Wenn ein Mitglied mit seinen Beitr\u00e4gen, trotz erfolgter Mahnung, im R\u00fcckstand bleibt.<\/span><\/li>\n<li><span style=\"color: #0000ff;\">Ein Mitglied kann, wenn es gegen die Vereinsinteressen grob versto\u00dfen hat, durch Beschluss des Vorstandes aus dem Verein ausgeschlossen\u00a0 \u00a0 \u00a0 \u00a0 \u00a0 werden.<\/span><\/li>\n<\/ol>\n<\/li>\n<\/ol>\n<p><span style=\"color: #0000ff;\">Vor der Beschlussfassung ist dem Mitglied, unter Setzung einer angemessenen Frist, Gelegenheit zu geben, sich pers\u00f6nlich oder schriftlich zu \u00e4u\u00dfern.<\/span><\/p>\n<p><span style=\"color: #0000ff;\">\u00a0<\/span><\/p>\n<p><span style=\"color: #0000ff;\"><strong>\u00a74 Ehrenmitgliedschaft<\/strong><\/span><\/p>\n<p><span style=\"color: #0000ff;\">Die Ehrenmitgliedschaft erlangt man bei mindestens 40 Jahren aktiver oder passiver Vereinsmitgliedschaft oder durch besondere Leistungen gegen\u00fcber dem Verein.<\/span><\/p>\n<p><span style=\"color: #0000ff;\">\u00a0<\/span><\/p>\n<p><span style=\"color: #0000ff;\"><strong>\u00a75 Ehrungen<\/strong><\/span><\/p>\n<ol>\n<ol>\n<li><span style=\"color: #0000ff;\">Aktive Mitglieder werden geehrt bei 10, 20, 25 und 30 Jahren Mitgliedschaft<\/span><\/li>\n<li><span style=\"color: #0000ff;\">Passive Mitglieder werden geehrt bei 20 und 30 Jahren Mitgliedschaft<\/span><\/li>\n<\/ol>\n<\/ol>\n<p><span style=\"color: #0000ff;\">\u00a0<\/span><\/p>\n<p><span style=\"color: #0000ff;\"><strong>\u00a76 Mitgliedsbeitr\u00e4ge<\/strong><\/span><\/p>\n<ul><\/ul>\n<p><span style=\"color: #0000ff;\">Von den Mitgliedern werden Beitr\u00e4ge erhoben. Die H\u00f6he des Jahresbeitrags und dessen F\u00e4lligkeit wird von der Mitgliederversammlung bestimmt und richtet sich nach den Bed\u00fcrfnissen der Vereins.<\/span><\/p>\n<p><span style=\"color: #0000ff;\">Ehrenmitglieder sind von der Beitragspflicht befreit.<\/span><\/p>\n<p><span style=\"color: #0000ff;\">\u00a0<\/span><\/p>\n<p><span style=\"color: #0000ff;\"><strong>\u00a77 Organe des Vereins<\/strong><\/span><\/p>\n<p><span style=\"color: #0000ff;\">Organe des Vereins sind:<\/span><br \/><span style=\"color: #0000ff;\"><strong><\/strong><\/span><\/p>\n<ol>\n<li><span style=\"color: #0000ff;\">der Vorstand<\/span><\/li>\n<li><span style=\"color: #0000ff;\">der Beirat<\/span><\/li>\n<li><span style=\"color: #0000ff;\">die Mitgliederversammlung<\/span><\/li>\n<\/ol>\n<p><span style=\"color: #0000ff;\">\u00a0<\/span><\/p>\n<p><span style=\"color: #0000ff;\"><strong>\u00a78 Der Vorstand<\/strong><\/span><\/p>\n<p><span style=\"color: #0000ff;\"><strong><br \/><\/strong>Der Vorstand besteht:<\/span><o:p><\/o:p><\/p>\n<ol>\n<li><span style=\"color: #0000ff;\">erster Vorsitzender<\/span><\/li>\n<li><span style=\"color: #0000ff;\">zweiter Vorsitzender<\/span><\/li>\n<li><span style=\"color: #0000ff;\">Kassierer<\/span><\/li>\n<\/ol>\n<p><span style=\"color: #0000ff;\">Das Amt des Kassierers kann durch Empfehlung des Vorstandes auf eine zweite Person erweitert werden. Die Bezeichnung lautet dann: 1. Kassierer\u00a0 \u00a0 \u00a0 und 2. Kassierer. Der 1. Kassierer und der 2. Kassierer sind mit je einer Stimme stimmberechtigt. Jeder Kassierer ist in der gleichen Weise\u00a0 \u00a0 \u00a0 \u00a0 \u00a0 \u00a0 \u00a0 \u00a0 \u00a0 \u00a0 \u00a0 \u00a0 \u00a0 vertretungsberechtigt. Die Wahl des 2. Kassierers erfolgt durch die Mitgliederversammlung und er unterliegt den gleichen Richtlinien wie der 1.\u00a0 \u00a0 \u00a0 \u00a0 \u00a0 \u00a0 \u00a0 \u00a0 Kassierer. Der Kassierer verwaltet die einzelnen Gelder, bezahlt die Bundesbeitr\u00e4ge und die beschlossenen Ausgaben. Es ist ein Kassenbuch zu\u00a0 \u00a0 \u00a0 \u00a0 \u00a0 \u00a0 \u00a0 \u00a0 f\u00fchren. Alle Gesch\u00e4ftsvorf\u00e4lle sind einzutragen und zu belegen.<\/span><\/p>\n<ol start=\"4\">\n<li><span style=\"color: #0000ff;\">Schriftf\u00fchrer<\/span><\/li>\n<\/ol>\n<p><span style=\"color: #0000ff;\">Der Verein wird gerichtlich und au\u00dfergerichtlich durch zwei Mitglieder des Vorstandes, darunter der erste Vorsitzende oder der zweite Vorsitzende,\u00a0 \u00a0 \u00a0 \u00a0vertreten. Die Mitglieder des Vorstandes m\u00fcssen Vereinsmitglieder sein.<\/span><\/p>\n<p><span style=\"color: #0000ff;\">Der Schriftf\u00fchrer f\u00fchrt bei den Sitzungen und Versammlungen Protokoll. Dieses ist von Ihm und vom ersten Vorsitzenden zu unterzeichnen.<\/span><\/p>\n<p><span style=\"color: #0000ff;\">\u00a0<\/span><\/p>\n<p><span style=\"color: #0000ff;\">Die vertretungsberechtigten Vorstandsmitglieder sind unter Kontakte aufgef\u00fchrt.<\/span><\/p>\n<p><span style=\"color: #0000ff;\">\u00a0<\/span><\/p>\n<p><span style=\"color: #0000ff;\"><strong>\u00a79 Amtsdauer des Vorstandes<\/strong><\/span><\/p>\n<ol>\n<li><span style=\"color: #0000ff;\">Der Vorstand wird von der Mitgliederversammlung f\u00fcr die Dauer von zwei Jahren, vom Tage der Wahl an gerechnet, gew\u00e4hlt. Die Amtsdauer\u00a0 \u00a0 \u00a0 \u00a0 \u00a0 \u00a0 \u00a0 \u00a0 \u00a0 \u00a0 verl\u00e4ngert sich hierdurch jedoch h\u00f6chstens um drei Monate. Jedes Vorstandsmitglied ist einzeln zu w\u00e4hlen. W\u00e4hlbar sind nur Vereinsmitglieder. Alle\u00a0 \u00a0 \u00a0 Vorstandsmitglieder m\u00fcssen das 18. Lebensjahr vollendet haben.<\/span><\/li>\n<li><span style=\"color: #0000ff;\">Scheidet ein Mitglied des Vorstandes w\u00e4hrend der Amtsperiode aus, kann der Vorstand oder eine einzuberufende Mitgliederversammlung ein\u00a0 \u00a0 \u00a0 \u00a0 \u00a0 \u00a0 \u00a0 \u00a0 Ersatzmitglied f\u00fcr die restliche Amtsdauer des Ausgeschiedenen w\u00e4hlen. In diesem Fall k\u00f6nnen auch zwei \u00c4mter zusammengelegt werden.<strong>\u00a0 <\/strong><strong> <\/strong><strong><br \/><\/strong><strong><\/strong><strong><br \/>\u00a710 <\/strong><strong>Zust\u00e4ndigkeit des Vorstandes<\/strong><\/span><\/li>\n<\/ol>\n<ul><\/ul>\n<p><span style=\"color: #0000ff;\">Der Vorstand ist f\u00fcr alle Angelegenheiten des Vereins zust\u00e4ndig. Er hat vor allem folgende Aufgaben:<\/span><\/p>\n<ol>\n<li><span style=\"color: #0000ff;\">Vorbereitung der Mitgliederversammlung und Aufstellung der Tagesordnung<\/span><\/li>\n<li><span style=\"color: #0000ff;\">Einberufung der Mitgliederversammlung durch ein Vorstandsmitglied<\/span><\/li>\n<li><span style=\"color: #0000ff;\">Ausf\u00fchrung der Beschl\u00fcsse der Mitgliederversammlung<\/span><\/li>\n<li><span style=\"color: #0000ff;\">Erstellen des Jahresberichtes<\/span><\/li>\n<li><span style=\"color: #0000ff;\">Bestellung und Entlassung des Dirigenten, einschlie\u00dflich der Festsetzung der, f\u00fcr diese T\u00e4tigkeit zu leistenden, Verg\u00fctung<strong><br \/>\u00a711 Der Beirat<\/strong><\/span><\/li>\n<\/ol>\n<ul><\/ul>\n<ol>\n<li><span style=\"color: #0000ff;\">Der Beirat besteht aus mindestens 8 Mitgliedern, in einem ausgewogenen Verh\u00e4ltnis von Aktiven und Passiven. Der Beirat wird f\u00fcr die Dauer von\u00a0 \u00a0 \u00a0 \u00a0 \u00a0 \u00a0 zwei Jahren, vom Tage der Wahl an gerechnet, von der Mitgliederversammlung gew\u00e4hlt. Die Amtsdauer verl\u00e4ngert sich hierdurch jedoch h\u00f6chstens\u00a0 \u00a0 \u00a0 \u00a0 um drei Monate. Jedes Mitglied ist einzeln zu w\u00e4hlen. W\u00e4hlbar sind nur Vereinsmitglieder. Alle Beiratsmitglieder m\u00fcssen das 18. Lebensjahr\u00a0 \u00a0 \u00a0 \u00a0 \u00a0 \u00a0 \u00a0 \u00a0 \u00a0 \u00a0 \u00a0 vollendet\u00a0 haben.<\/span><\/li>\n<li><span style=\"color: #0000ff;\">Der Dirigent hat eine beratende Stimme und wird, je nach Bedarf, vom Vorstand zu den Sitzungen eingeladen. Vorstandsmitglieder k\u00f6nnen nicht\u00a0 \u00a0 \u00a0 \u00a0 \u00a0 \u00a0 zugleich Mitglieder des Beirates sein.<\/span><\/li>\n<li><span style=\"color: #0000ff;\">Der Beirat hat die Aufgabe den Vorstand in wichtigen Vereinsangelegenheiten zu beraten. Er macht dem Vorstand Vorschl\u00e4ge f\u00fcr die\u00a0 \u00a0 \u00a0 \u00a0 \u00a0 \u00a0 \u00a0 \u00a0 \u00a0 \u00a0 \u00a0 \u00a0 \u00a0 \u00a0 \u00a0 \u00a0 \u00a0 Vereinsf\u00fchrung. Scheidet ein Mitglied des Beirates vorzeitig aus, kann der Vorstand oder eine einzuberufende Mitgliederversammlung f\u00fcr die\u00a0 \u00a0 \u00a0 \u00a0 \u00a0 \u00a0 \u00a0 \u00a0 \u00a0 restliche Amtsdauer des ausgeschiedenen Mitglieds ein Ersatzmitglied w\u00e4hlen.<\/span><\/li>\n<li><span style=\"color: #0000ff;\">Der Beirat wird vom ersten Vorsitzenden, bei dessen Abwesenheit vom zweiten Vorsitzenden, schriftlich oder fernm\u00fcndlich einberufen und kann an\u00a0 \u00a0 \u00a0 der Vorstandsitzungen teilnehmen.<\/span><\/li>\n<\/ol>\n<p><span style=\"color: #0000ff;\"><strong><\/strong><\/span><\/p>\n<p><span style=\"color: #0000ff;\"><strong>\u00a712 Pressesprecher<\/strong><\/span><\/p>\n<p><span style=\"color: #0000ff;\">Von der Mitgliederversammlung ist ebenfalls ein Pressesprecher zu w\u00e4hlen, der f\u00fcr die Presseberichte und f\u00fcr die \u00d6ffentlichkeitsarbeit verantwortlich ist. Der Pressesprecher kann an den Vorstandsitzungen teilnehmen. Sollte w\u00e4hrend der Wahl kein Pressesprecher gefunden werden, wird ein Mitglied des Beirates vom Vorstand mit diese Aufgabe betraut. Der Pressesprecher wir auf zwei Jahre gew\u00e4hlt.<\/span><\/p>\n<p><span style=\"color: #0000ff;\"><strong><\/strong><\/span><\/p>\n<p><span style=\"color: #0000ff;\"><strong> <\/strong><\/span><\/p>\n<p><span style=\"color: #0000ff;\"><strong>\u00a713 Revision<\/strong><\/span><\/p>\n<p><span style=\"color: #0000ff;\">Zwei Kassenpr\u00fcfer, ein aktives und ein passives Mitglied, die im Vorstand weder Sitz noch Stimme haben, sind durch die Mitgliederversammlung mit einfacher Stimmenmehrheit auf die Dauer von zwei Jahren zu w\u00e4hlen. Die Kassenpr\u00fcfer haben das Recht jederzeit Kassenpr\u00fcfungen vorzunehmen und die Pflicht mindestens einmal j\u00e4hrlich eine solche Pr\u00fcfung durchzuf\u00fchren und der Mitgliederversammlung zu berichten.<\/span><\/p>\n<p><span style=\"color: #0000ff;\"><strong><\/strong><\/span><\/p>\n<p><span style=\"color: #0000ff;\"><strong>\u00a714 Einnahmen und Ausgaben des Vereins<\/strong><\/span><\/p>\n<ol>\n<li><span style=\"color: #0000ff;\">Die Einnahmen bestehen aus:<\/span>\n<ol>\n<li><span style=\"color: #0000ff;\">den Vereinsbeitr\u00e4gen<\/span><\/li>\n<li><span style=\"color: #0000ff;\">\u00dcbersch\u00fcssen aus Veranstaltungen<\/span><\/li>\n<li><span style=\"color: #0000ff;\">freiwillige Zuwendungen<\/span><\/li>\n<\/ol>\n<\/li>\n<li><span style=\"color: #0000ff;\">Die Ausgaben bestehen aus:<\/span>\n<ol>\n<li><span style=\"color: #0000ff;\">Verwaltungsausgaben<\/span><\/li>\n<li><span style=\"color: #0000ff;\">Bundesbeitr\u00e4gen<\/span><\/li>\n<li><span style=\"color: #0000ff;\">Ausgaben im Sinne von \u00a71<\/span><\/li>\n<li><span style=\"color: #0000ff;\">sonstige Ausgaben<\/span><\/li>\n<\/ol>\n<\/li>\n<\/ol>\n<p><span style=\"color: #0000ff;\">Mittel des Vereins d\u00fcrfen nur f\u00fcr die satzungsm\u00e4\u00dfigen Zwecke verwendet werden. Die Mitglieder erhalten keine Zuwendungen aus Mitteln des Vereins.<\/span><\/p>\n<p><span style=\"color: #0000ff;\">Es darf keine Person durch Ausgaben, die dem Zweck der K\u00f6rperschaft fremd sind oder durch unverh\u00e4ltnism\u00e4\u00dfig hohe Verg\u00fctungen beg\u00fcnstigt werden.<\/span><\/p>\n<p><span style=\"color: #0000ff;\">\u00a0<\/span><\/p>\n<p><span style=\"color: #0000ff;\"><strong>\u00a715 Das Gesch\u00e4ftsjahr<\/strong><\/span><\/p>\n<p><span style=\"color: #0000ff;\">Das Gesch\u00e4ftsjahr beginnt mit dem Tag der Mitgliederversammlung und endet mit dem Tag der n\u00e4chsten Mitgliederversammlung.<\/span><\/p>\n<p><span style=\"color: #0000ff;\"><strong><\/strong><\/span><\/p>\n<p><span style=\"color: #0000ff;\"><strong><\/strong><\/span><\/p>\n<p><span style=\"color: #0000ff;\"><strong>\u00a716 Versammlung<\/strong><\/span><\/p>\n<ol>\n<li><span style=\"color: #0000ff;\">Die ordentliche Mitgliederversammlung findet in der Zeit zwischen dem 1. Januar und dem 31. M\u00e4rz eines Jahres statt. Sie nimmt den Gesch\u00e4fts-,\u00a0 \u00a0 \u00a0 \u00a0 \u00a0 \u00a0 Kassen- und Jahresbericht entgegen, w\u00e4hlt bei abgelaufener Amtsdauer den Gesamtvorstand und beschlie\u00dft \u00fcber evtl. Ab\u00e4nderungen der Satzung.\u00a0 \u00a0 \u00a0 \u00a0 Die \u00fcbrigen Mitgliederversammlungen werden nach Bedarf vom Vorstand einberufen.<\/span><\/li>\n<li><span style=\"color: #0000ff;\">In der Mitgliederversammlung hat jedes Vereinsmitglied, auch Ehrenmitglied, eine Stimme. Das Stimmrecht kann nur pers\u00f6nlich ausge\u00fcbt werden.<\/span><\/li>\n<li><span style=\"color: #0000ff;\">Bei den ordnungsgem\u00e4\u00df stattfindenden Wahlen k\u00f6nnen auch Mitglieder gew\u00e4hlt werden, die nicht bei den Wahlen anwesend sind, soweit die\u00a0 \u00a0 \u00a0 \u00a0 \u00a0 \u00a0 \u00a0 \u00a0 \u00a0 Abwesenheit begr\u00fcndet ist und wenn sie vor der Wahl ihre Wahlbereitschaft beim Vorstand schriftlich niedergelegt haben.<\/span><\/li>\n<li><span style=\"color: #0000ff;\">Eine au\u00dferordentliche Mitgliederversammlung kann einberufen werden:<\/span><\/li>\n<li><span style=\"color: #0000ff;\">durch den Vorstand, wenn es die Interessen des Vereins erfordern<\/span><\/li>\n<li><span style=\"color: #0000ff;\">wenn mindestens 50% der Mitglieder dies schriftlich beim Vorstand, unter Angabe der Gr\u00fcnde, beantragen.<\/span><\/li>\n<li><span style=\"color: #0000ff;\">Die Einberufung einer ordentlichen oder au\u00dferordentlichen Mitgliederversammlung erfolgt mindestens zwei Wochen vorher durch Bekanntgabe in\u00a0 \u00a0 \u00a0 \u00a0 der Tagespresse oder durch Rundschreiben. Antr\u00e4ge sind mindestens 6 Tage vor der Hauptversammlung schriftlich einzureichen.<\/span><\/li>\n<\/ol>\n<p><span style=\"color: #0000ff;\">\u00a0<\/span><\/p>\n<p><span style=\"color: #0000ff;\"><strong>\u00a717 Beschlussfassung der Mitgliederversammlung<\/strong><\/span><\/p>\n<ol>\n<li><span style=\"color: #0000ff;\">\u00a0Die Mitgliederversammlung wird vom ersten Vorsitzenden, bei dessen Abwesenheit vom zweiten Vorsitzenden oder einem anderen\u00a0 \u00a0 \u00a0 \u00a0 \u00a0 \u00a0 \u00a0 \u00a0 \u00a0 \u00a0 \u00a0 \u00a0 \u00a0 \u00a0 \u00a0 \u00a0 \u00a0 \u00a0 Vorstandsmitglied, geleitet.<\/span><\/li>\n<li><span style=\"color: #0000ff;\">\u00a0Bei Wahlen kann die Versammlungsleitung, f\u00fcr die Dauer des Wahlganges und der vorhergehenden Diskussion, einem Wahlausschuss \u00fcbertragen\u00a0 \u00a0 \u00a0 \u00a0 \u00a0 werden. Die Art der Abstimmung bestimmt der Versammlungsleiter. Die Abstimmung muss schriftlich durchgef\u00fchrt werden, wenn mindestens ein\u00a0 \u00a0 \u00a0 \u00a0 \u00a0Drittel der erschienen, stimmberechtigten Mitglieder dies beantragt haben. Die Mitgliederversammlung ist nicht \u00f6ffentlich, der Versammlungsleiter\u00a0 \u00a0 \u00a0 \u00a0 \u00a0kann jedoch G\u00e4ste zulassen. Die zugelassenen G\u00e4ste besitzen keine Stimme. Stimmberechtigt sind alle Mitglieder ab dem 18. Lebensjahr.<\/span><\/li>\n<li><span style=\"color: #0000ff;\">Die Mitgliederversammlung fasst Beschl\u00fcsse im Allgemeinen mit einfacher Mehrheit der abgegebenen g\u00fcltigen Stimmen. Stimmenthaltungen\u00a0 \u00a0 \u00a0 \u00a0 \u00a0 \u00a0 \u00a0 \u00a0 \u00a0 bleiben au\u00dfer Betracht. Zur \u00c4nderung der Satzung ist jedoch eine Mehrheit von drei Viertel der abgegebenen g\u00fcltigen Stimmen, zur Aufl\u00f6sung des\u00a0 \u00a0 \u00a0 \u00a0 \u00a0 \u00a0Vereins eine solche von vier F\u00fcnftel, erforderlich.<\/span><\/li>\n<li><span style=\"color: #0000ff;\">Bei Stimmengleichheit entscheidet der erste Vorsitzende. \u00dcber die Beschl\u00fcsse der Mitgliederversammlung ist ein Protokoll aufzuzeichnen, das vom\u00a0 \u00a0 \u00a0 \u00a0 \u00a0jeweiligen Versammlungsleiter und vom Schriftf\u00fchrer zu unterzeichnen ist. Bei Satzungs\u00e4nderungen soll der Wortlaut angegeben werden. Alle\u00a0 \u00a0 \u00a0 \u00a0 \u00a0 \u00a0 \u00a0 \u00a0 \u00a0ordnungsgem\u00e4\u00df gefassten Beschl\u00fcsse sind f\u00fcr alle Mitglieder bindend.<\/span><\/li>\n<\/ol>\n<p><span style=\"color: #0000ff;\">\u00a0<\/span><\/p>\n<p><span style=\"color: #0000ff;\"><strong>$18 Austritt des Vereins aus dem Blasmusikverband Baden-W\u00fcrttemberg<\/strong><\/span><\/p>\n<p><span style=\"color: #0000ff;\">Der Austritt aus dem Blasmusikverband Baden-W\u00fcrttemberg kann nur von den aktiven Mitgliedern (Musiker) beschlossen werden. Dabei m\u00fcssen mindestens drei Viertel der aktiven Mitglieder (Musiker) anwesend sein und hiervon drei Viertel der abgegebenen Stimmen f\u00fcr den Austritt stimmen.<\/span><\/p>\n<p><span style=\"color: #0000ff;\"><strong><\/strong><\/span><\/p>\n<p><span style=\"color: #0000ff;\"><strong>\u00a719 Aufl\u00f6sung des Vereins<\/strong><\/span><\/p>\n<p><span style=\"color: #0000ff;\">Der Verein wird aufgel\u00f6st:<\/span><\/p>\n<ol>\n<li><span style=\"color: #0000ff;\">wenn demselben weniger als 5 Mitglieder angeh\u00f6ren.<\/span><\/li>\n<li><span style=\"color: #0000ff;\">wenn dies eine Mitgliederversammlung mit vier F\u00fcnftel Mehrheit der anwesenden Mitglieder beschlie\u00dft.<\/span><\/li>\n<\/ol>\n<p><span style=\"color: #0000ff;\">Bei Aufl\u00f6sung des Vereins oder bei Wegfall seines steuerbeg\u00fcnstigten Zwecks, f\u00e4llt das Verm\u00f6gen des Vereins an die Stadt Rauenberg, die es unmittelbar und ausschlie\u00dflich f\u00fcr gemeinn\u00fctzige kulturelle Zwecke zu verwenden hat, dies mit der Ma\u00dfgabe das Vereinsverm\u00f6gen einem innerhalb von 10 Jahren im Stadtteil Malschenberg gegr\u00fcndeten steuerbeg\u00fcnstigten Musikverein zwecks Verwendung f\u00fcr die F\u00f6rderung der Kunst und Kultur zu \u00fcbertragen.<\/span><\/p>\n<p><span style=\"color: #0000ff;\"><strong><\/strong><\/span><\/p>\n<p><span style=\"color: #0000ff;\"><strong>\u00a720 Erm\u00e4chtigung<\/strong><\/span><\/p>\n<p><span style=\"color: #0000ff;\">Der Vorstand ist erm\u00e4chtigt, etwaige, zur Genehmigung der Satzung und zur Eintragung des Vereins in das Vereinsregister, erforderlichen formellen \u00c4nderungen und Erg\u00e4nzungen der Satzung vorzunehmen.<\/span><\/p>\n<p><span style=\"color: #0000ff;\">\u00a0<\/span><\/p>\n<p><span style=\"color: #0000ff;\">\u00a0<\/span><\/p>\n<p><span style=\"color: #0000ff;\">Diese Satzung wurde in der Mitgliederversammlung vom 10. M\u00e4rz 2013 neu gefasst. Sie tritt in Kraft sobald sie durch das Vereinsregister angenommen wurde. Die fr\u00fcheren Satzungsbestimmungen gelten damit als aufgehoben.<\/span><\/p>\n<p>&nbsp;<\/p>\n<\/div><\/div>\n<\/div>\n<\/div>\n<\/div>","protected":false},"excerpt":{"rendered":"","protected":false},"author":1,"featured_media":0,"parent":0,"menu_order":0,"comment_status":"closed","ping_status":"closed","template":"","meta":{"footnotes":""},"class_list":["post-2016","page","type-page","status-publish","hentry"],"_links":{"self":[{"href":"https:\/\/mv-malschenberg.de\/index.php\/wp-json\/wp\/v2\/pages\/2016","targetHints":{"allow":["GET"]}}],"collection":[{"href":"https:\/\/mv-malschenberg.de\/index.php\/wp-json\/wp\/v2\/pages"}],"about":[{"href":"https:\/\/mv-malschenberg.de\/index.php\/wp-json\/wp\/v2\/types\/page"}],"author":[{"embeddable":true,"href":"https:\/\/mv-malschenberg.de\/index.php\/wp-json\/wp\/v2\/users\/1"}],"replies":[{"embeddable":true,"href":"https:\/\/mv-malschenberg.de\/index.php\/wp-json\/wp\/v2\/comments?post=2016"}],"version-history":[{"count":44,"href":"https:\/\/mv-malschenberg.de\/index.php\/wp-json\/wp\/v2\/pages\/2016\/revisions"}],"predecessor-version":[{"id":27896,"href":"https:\/\/mv-malschenberg.de\/index.php\/wp-json\/wp\/v2\/pages\/2016\/revisions\/27896"}],"wp:attachment":[{"href":"https:\/\/mv-malschenberg.de\/index.php\/wp-json\/wp\/v2\/media?parent=2016"}],"curies":[{"name":"wp","href":"https:\/\/api.w.org\/{rel}","templated":true}]}}