{"id":1693,"date":"2023-04-25T12:28:17","date_gmt":"2023-04-25T12:28:17","guid":{"rendered":"https:\/\/web32941.greatnet-hosting.de\/?page_id=1693"},"modified":"2026-03-25T08:21:24","modified_gmt":"2026-03-25T07:21:24","slug":"web-links-vereine-rauenberg","status":"publish","type":"page","link":"https:\/\/mv-malschenberg.de\/index.php\/web-links-vereine-rauenberg\/","title":{"rendered":"Web-Links Vereine Rauenberg"},"content":{"rendered":"<div class=\"et_pb_section_0 et_pb_section et_section_regular et_block_section\">\n<div class=\"et_pb_row_0 et_pb_row et_pb_row_3-4_1-4 et_block_row et_block_row_3-4_1-4\">\n<div class=\"et_pb_column_0 et_pb_column et_pb_column_3_4 et_block_column et_pb_css_mix_blend_mode_passthrough\">\n<div class=\"et_pb_text_0 et_pb_text et_pb_bg_layout_light et_pb_module et_block_module\"><div class=\"et_pb_text_inner\"><h1 style=\"text-align: center;\"><strong>Web-Links der Rauenberger- Vereine<\/strong><\/h1>\n<\/div><\/div>\n\n<div class=\"et_pb_text_1 et_pb_text et_pb_bg_layout_light et_pb_module et_block_module\"><div class=\"et_pb_text_inner\"><h4><span style=\"color: #000000;\">Disclaimer<\/span><\/h4>\n<p><span style=\"color: #000000;\"><strong>Haftung f\u00fcr Links<\/strong><\/span><\/p>\n<p><span style=\"color: #000000;\">Unser Homepage enth\u00e4lt Links zu externen Webseiten Dritter, auf deren Inhalte wir keinen Einfluss haben. Deshalb k\u00f6nnen wir f\u00fcr diese fremden Inhalte auch keine Gew\u00e4hr \u00fcbernehmen. F\u00fcr die Inhalte der verlinkten Seiten ist stets der jeweilige Anbieter oder Betreiber der Seiten verantwortlich. Die verlinkten Seiten wurden zum Zeitpunkt der Verlinkung auf m\u00f6gliche Rechtsverst\u00f6\u00dfe \u00fcberpr\u00fcft. Rechtswidrige Inhalte waren zum Zeitpunkt der Verlinkung nicht erkennbar. Eine permanente inhaltliche Kontrolle der verlinkten Seiten ist jedoch ohne konkrete Anhaltspunkte einer Rechtsverletzung nicht zumutbar. Bei Bekanntwerden von Rechtsverletzungen werden wir derartige Links umgehend entfernen.<\/span><\/p>\n<\/div><\/div>\n<\/div>\n\n<div class=\"et_pb_column_1 et_pb_column et_pb_column_1_4 et-last-child et_block_column et_pb_column_empty et_pb_css_mix_blend_mode_passthrough\"><\/div>\n<\/div>\n\n<div class=\"et_pb_row_1 et_pb_row et_block_row\">\n<div class=\"et_pb_column_2 et_pb_column et_pb_column_2_5 et_block_column et_pb_css_mix_blend_mode_passthrough\">\n<div class=\"et_pb_module et_pb_button_module_wrapper et_pb_button_0_wrapper\"><a class=\"et_pb_button_0 et_pb_button et_pb_bg_layout_light et_pb_module et_block_module\" href=\"https:\/\/www.feuerwehr-malschenberg.de\/\" target=\"_blank\" data-icon=\"$\">Freiwillige Feuerwehr Malschenberg         <\/a><\/div>\n\n<div class=\"et_pb_module et_pb_button_module_wrapper et_pb_button_1_wrapper\"><a class=\"et_pb_button_1 et_pb_button et_pb_bg_layout_light et_pb_module et_block_module\" href=\"https:\/\/mgv-liederkranz-malschenberg.jimdofree.com\/\" target=\"_blank\" data-icon=\"$\">Chorgemeinschaft MGV Liederkranz<\/a><\/div>\n\n<div class=\"et_pb_module et_pb_button_module_wrapper et_pb_button_2_wrapper\"><a class=\"et_pb_button_2 et_pb_button et_pb_bg_layout_light et_pb_module et_block_module\" href=\"https:\/\/www.ssv-malschenberg.de\/\" target=\"_blank\" data-icon=\"$\">Sportsch\u00fctzenverein Malschenberg<\/a><\/div>\n\n<div class=\"et_pb_module et_pb_button_module_wrapper et_pb_button_3_wrapper\"><a class=\"et_pb_button_3 et_pb_button et_pb_bg_layout_light et_pb_module et_block_module\" href=\"https:\/\/de-de.facebook.com\/buefflherde\/\" target=\"_blank\" data-icon=\"$\">TSV Germania Malschenberg 1900<\/a><\/div>\n\n<div class=\"et_pb_module et_pb_button_module_wrapper et_pb_button_4_wrapper\"><a class=\"et_pb_button_4 et_pb_button et_pb_bg_layout_light et_pb_module et_block_module\" href=\"https:\/\/www.vdk.de\/ov-malschenberg\/\" target=\"_blank\" data-icon=\"$\">VdK - Ortsverband Malschenberg<\/a><\/div>\n<\/div>\n\n<div class=\"et_pb_column_3 et_pb_column et_pb_column_3_5 et-last-child et_block_column et_pb_css_mix_blend_mode_passthrough\">\n<div class=\"et_pb_text_2 et_pb_text et_pb_bg_layout_light et_pb_module et_block_module\"><div class=\"et_pb_text_inner\"><h5><span>Die Homepage der freiwilligen Feuerwehr Malschenberg<\/span><\/h5>\n<h5><\/h5>\n<\/div><\/div>\n\n<div class=\"et_pb_text_3 et_pb_text et_pb_bg_layout_light et_pb_module et_block_module\"><div class=\"et_pb_text_inner\"><h5><span>Die Homepage der Chorgemeinschaft MGV Liederkranz Malschenberg<\/span><\/h5>\n<\/div><\/div>\n\n<div class=\"et_pb_text_4 et_pb_text et_pb_bg_layout_light et_pb_module et_block_module\"><div class=\"et_pb_text_inner\"><h5><span>Die Homepage des Sportsch\u00fctzenvereins Malschenberg<\/span><\/h5>\n<\/div><\/div>\n\n<div class=\"et_pb_text_5 et_pb_text et_pb_bg_layout_light et_pb_module et_block_module\"><div class=\"et_pb_text_inner\"><h5><span>Facebook des TSV Germania Malschenberg <span style=\"color: #999999;\">(nur mit Anmeldung)<\/span><\/span><\/h5>\n<\/div><\/div>\n\n<div class=\"et_pb_text_6 et_pb_text et_pb_bg_layout_light et_pb_module et_block_module\"><div class=\"et_pb_text_inner\"><h5><span>Die Homepage des <\/span>Sozialverband VdK - Ortsverband Malschenberg<\/h5>\n<div id=\"Schriftgroesse\"><\/div>\n<\/div><\/div>\n<\/div>\n<\/div>\n<\/div>","protected":false},"excerpt":{"rendered":"","protected":false},"author":1,"featured_media":0,"parent":0,"menu_order":0,"comment_status":"closed","ping_status":"closed","template":"","meta":{"footnotes":""},"class_list":["post-1693","page","type-page","status-publish","hentry"],"_links":{"self":[{"href":"https:\/\/mv-malschenberg.de\/index.php\/wp-json\/wp\/v2\/pages\/1693","targetHints":{"allow":["GET"]}}],"collection":[{"href":"https:\/\/mv-malschenberg.de\/index.php\/wp-json\/wp\/v2\/pages"}],"about":[{"href":"https:\/\/mv-malschenberg.de\/index.php\/wp-json\/wp\/v2\/types\/page"}],"author":[{"embeddable":true,"href":"https:\/\/mv-malschenberg.de\/index.php\/wp-json\/wp\/v2\/users\/1"}],"replies":[{"embeddable":true,"href":"https:\/\/mv-malschenberg.de\/index.php\/wp-json\/wp\/v2\/comments?post=1693"}],"version-history":[{"count":8,"href":"https:\/\/mv-malschenberg.de\/index.php\/wp-json\/wp\/v2\/pages\/1693\/revisions"}],"predecessor-version":[{"id":27904,"href":"https:\/\/mv-malschenberg.de\/index.php\/wp-json\/wp\/v2\/pages\/1693\/revisions\/27904"}],"wp:attachment":[{"href":"https:\/\/mv-malschenberg.de\/index.php\/wp-json\/wp\/v2\/media?parent=1693"}],"curies":[{"name":"wp","href":"https:\/\/api.w.org\/{rel}","templated":true}]}}