{"id":1670,"date":"2023-04-25T10:27:03","date_gmt":"2023-04-25T10:27:03","guid":{"rendered":"https:\/\/web32941.greatnet-hosting.de\/?page_id=1670"},"modified":"2026-03-25T07:42:48","modified_gmt":"2026-03-25T06:42:48","slug":"web-links-musikvereine","status":"publish","type":"page","link":"https:\/\/mv-malschenberg.de\/index.php\/web-links-musikvereine\/","title":{"rendered":"Web-Links Musikvereine"},"content":{"rendered":"<div class=\"et_pb_section_0 et_pb_section et_section_regular et_block_section\">\n<div class=\"et_pb_row_0 et_pb_row et_pb_row_3-4_1-4 et_block_row et_block_row_3-4_1-4\">\n<div class=\"et_pb_column_0 et_pb_column et_pb_column_3_4 et_block_column et_pb_css_mix_blend_mode_passthrough\">\n<div class=\"et_pb_text_0 et_pb_text et_pb_bg_layout_light et_pb_module et_block_module\"><div class=\"et_pb_text_inner\"><h1 style=\"text-align: center;\"><strong>Web-Links der Musikvereine<\/strong><\/h1>\n<\/div><\/div>\n\n<div class=\"et_pb_text_1 et_pb_text et_pb_bg_layout_light et_pb_module et_block_module\"><div class=\"et_pb_text_inner\"><h4><span style=\"color: #000000;\">Disclaimer<\/span><\/h4>\n<p><span style=\"color: #000000;\"><strong>Haftung f\u00fcr Links<\/strong><\/span><\/p>\n<p><span style=\"color: #000000;\">Unser Homepage enth\u00e4lt Links zu externen Webseiten Dritter, auf deren Inhalte wir keinen Einfluss haben. Deshalb k\u00f6nnen wir f\u00fcr diese fremden Inhalte auch keine Gew\u00e4hr \u00fcbernehmen. F\u00fcr die Inhalte der verlinkten Seiten ist stets der jeweilige Anbieter oder Betreiber der Seiten verantwortlich. Die verlinkten Seiten wurden zum Zeitpunkt der Verlinkung auf m\u00f6gliche Rechtsverst\u00f6\u00dfe \u00fcberpr\u00fcft. Rechtswidrige Inhalte waren zum Zeitpunkt der Verlinkung nicht erkennbar. Eine permanente inhaltliche Kontrolle der verlinkten Seiten ist jedoch ohne konkrete Anhaltspunkte einer Rechtsverletzung nicht zumutbar. Bei Bekanntwerden von Rechtsverletzungen werden wir derartige Links umgehend entfernen.<\/span><\/p>\n<\/div><\/div>\n<\/div>\n\n<div class=\"et_pb_column_1 et_pb_column et_pb_column_1_4 et-last-child et_block_column et_pb_column_empty et_pb_css_mix_blend_mode_passthrough\"><\/div>\n<\/div>\n\n<div class=\"et_pb_row_1 et_pb_row et_block_row\">\n<div class=\"et_pb_column_2 et_pb_column et_pb_column_2_5 et_block_column et_pb_css_mix_blend_mode_passthrough\">\n<div class=\"et_pb_module et_pb_button_module_wrapper et_pb_button_0_wrapper\"><a class=\"et_pb_button_0 et_pb_button et_pb_bg_layout_light et_pb_module et_block_module\" href=\"https:\/\/www.mv-baiertal.de\/\" target=\"_blank\" data-icon=\"$\">Musikverein Baiertal e.V.               <\/a><\/div>\n\n<div class=\"et_pb_module et_pb_button_module_wrapper et_pb_button_1_wrapper\"><a class=\"et_pb_button_1 et_pb_button et_pb_bg_layout_light et_pb_module et_block_module\" href=\"http:\/\/www.musikverein-eichelberg.de\/\" target=\"_blank\" data-icon=\"$\">Musikverein Eichelberg e.V.               <\/a><\/div>\n\n<div class=\"et_pb_module et_pb_button_module_wrapper et_pb_button_2_wrapper\"><a class=\"et_pb_button_2 et_pb_button et_pb_bg_layout_light et_pb_module et_block_module\" href=\"https:\/\/musikverein-eintracht-lauterbach.jimdosite.com\/\" target=\"_blank\" data-icon=\"$\">Musikverein &quot;Eintracht&quot; Lauterbach e.V.<\/a><\/div>\n\n<div class=\"et_pb_module et_pb_button_module_wrapper et_pb_button_3_wrapper\"><a class=\"et_pb_button_3 et_pb_button et_pb_bg_layout_light et_pb_module et_block_module\" href=\"https:\/\/www.mv-malsch.de\/\" target=\"_blank\" data-icon=\"$\">Musikverein &quot;Konkordia&quot; Malsch e.V.<\/a><\/div>\n\n<div class=\"et_pb_module et_pb_button_module_wrapper et_pb_button_4_wrapper\"><a class=\"et_pb_button_4 et_pb_button et_pb_bg_layout_light et_pb_module et_block_module\" href=\"http:\/\/www.mv-muehlhausen.de\/\" target=\"_blank\" data-icon=\"$\">Musikverein M\u00fchlhausen 1925 e.V.<\/a><\/div>\n\n<div class=\"et_pb_module et_pb_button_module_wrapper et_pb_button_5_wrapper\"><a class=\"et_pb_button_5 et_pb_button et_pb_bg_layout_light et_pb_module et_block_module\" href=\"https:\/\/musikverein-oetigheim.de\/\" target=\"_blank\" data-icon=\"$\">Musikverein \u00d6tigheim e.V.<\/a><\/div>\n\n<div class=\"et_pb_module et_pb_button_module_wrapper et_pb_button_6_wrapper\"><a class=\"et_pb_button_6 et_pb_button et_pb_bg_layout_light et_pb_module et_block_module\" href=\"https:\/\/www.musikverein-rauenberg.de\/\" target=\"_blank\" data-icon=\"$\">Musikverein 1912 Rauenberg e.V.<\/a><\/div>\n\n<div class=\"et_pb_module et_pb_button_module_wrapper et_pb_button_7_wrapper\"><a class=\"et_pb_button_7 et_pb_button et_pb_bg_layout_light et_pb_module et_block_module\" href=\"https:\/\/www.musikverein-reichartshausen.de\/\" target=\"_blank\" data-icon=\"$\">Musikverein 1912 Reichartshausen e.V.<\/a><\/div>\n\n<div class=\"et_pb_module et_pb_button_module_wrapper et_pb_button_8_wrapper\"><a class=\"et_pb_button_8 et_pb_button et_pb_bg_layout_light et_pb_module et_block_module\" href=\"https:\/\/www.musikverein-sandhausen.de\/\" target=\"_blank\" data-icon=\"$\">Musikverein Sandhausen 1928\/29 e.V.<\/a><\/div>\n\n<div class=\"et_pb_module et_pb_button_module_wrapper et_pb_button_9_wrapper\"><a class=\"et_pb_button_9 et_pb_button et_pb_bg_layout_light et_pb_module et_block_module\" href=\"http:\/\/www.stadtkapelle-walldorf.de\/\" target=\"_blank\" data-icon=\"$\">Musikverein Stadtkapelle Walldorf e.V.<\/a><\/div>\n\n<div class=\"et_pb_module et_pb_button_module_wrapper et_pb_button_10_wrapper\"><a class=\"et_pb_button_10 et_pb_button et_pb_bg_layout_light et_pb_module et_block_module\" href=\"https:\/\/www.mv-wullenstetten.de\/\" target=\"_blank\" data-icon=\"$\">Musikverein Harmonia Wullenstetten e.V.<\/a><\/div>\n<\/div>\n\n<div class=\"et_pb_column_3 et_pb_column et_pb_column_3_5 et-last-child et_block_column et_pb_css_mix_blend_mode_passthrough\">\n<div class=\"et_pb_text_2 et_pb_text et_pb_bg_layout_light et_pb_module et_block_module\"><div class=\"et_pb_text_inner\"><h5><span>Die Homepage des Musikverein Baiertal e.V.<\/span><\/h5>\n<\/div><\/div>\n\n<div class=\"et_pb_text_3 et_pb_text et_pb_bg_layout_light et_pb_module et_block_module\"><div class=\"et_pb_text_inner\"><h5><span>Die Homepage des Musikverein Eichelberg e.V.<\/span><\/h5>\n<\/div><\/div>\n\n<div class=\"et_pb_text_4 et_pb_text et_pb_bg_layout_light et_pb_module et_block_module\"><div class=\"et_pb_text_inner\"><h5><span>Die Homepage des Musikverein \"Eintracht\" Lauterbach e.V.<\/span><\/h5>\n<\/div><\/div>\n\n<div class=\"et_pb_text_5 et_pb_text et_pb_bg_layout_light et_pb_module et_block_module\"><div class=\"et_pb_text_inner\"><h5><span>Die Homepage des Musikverein \"Konkordia\" Malsch e.V.<\/span><\/h5>\n<\/div><\/div>\n\n<div class=\"et_pb_text_6 et_pb_text et_pb_bg_layout_light et_pb_module et_block_module\"><div class=\"et_pb_text_inner\"><h5><span>Die Homepage des Musikverein M\u00fchlhausen 1925 e.V.<\/span><\/h5>\n<\/div><\/div>\n\n<div class=\"et_pb_text_7 et_pb_text et_pb_bg_layout_light et_pb_module et_block_module\"><div class=\"et_pb_text_inner\"><h5><span>Die Homepage des Musikverein \u00d6tigheim\u00a0 e.V.<\/span><\/h5>\n<\/div><\/div>\n\n<div class=\"et_pb_text_8 et_pb_text et_pb_bg_layout_light et_pb_module et_block_module\"><div class=\"et_pb_text_inner\"><h5><span>Die Homepage des Musikverein 1912 Rauenberg e.V.<\/span><\/h5>\n<\/div><\/div>\n\n<div class=\"et_pb_text_9 et_pb_text et_pb_bg_layout_light et_pb_module et_block_module\"><div class=\"et_pb_text_inner\"><h5><span>Die Homepage des Musikverein Reichartshausen e.V.<\/span><\/h5>\n<\/div><\/div>\n\n<div class=\"et_pb_text_10 et_pb_text et_pb_bg_layout_light et_pb_module et_block_module\"><div class=\"et_pb_text_inner\"><h5><span>Die Homepage des Musikverein Sandhausen 1928\/29 e.V.<\/span><\/h5>\n<\/div><\/div>\n\n<div class=\"et_pb_text_11 et_pb_text et_pb_bg_layout_light et_pb_module et_block_module\"><div class=\"et_pb_text_inner\"><h5><span>Die Homepage des Musikverein Stadtkapelle Walldorf e.V.<\/span><\/h5>\n<\/div><\/div>\n\n<div class=\"et_pb_text_12 et_pb_text et_pb_bg_layout_light et_pb_module et_block_module\"><div class=\"et_pb_text_inner\"><h5><span>Die Homepage des Musikverein Harmonia Wullenstetten e.V.<\/span><\/h5>\n<\/div><\/div>\n\n<div class=\"et_pb_text_13 et_pb_text et_pb_bg_layout_light et_pb_module et_block_module\"><\/div>\n<\/div>\n<\/div>\n<\/div>","protected":false},"excerpt":{"rendered":"","protected":false},"author":1,"featured_media":0,"parent":0,"menu_order":0,"comment_status":"closed","ping_status":"closed","template":"","meta":{"footnotes":""},"class_list":["post-1670","page","type-page","status-publish","hentry"],"_links":{"self":[{"href":"https:\/\/mv-malschenberg.de\/index.php\/wp-json\/wp\/v2\/pages\/1670","targetHints":{"allow":["GET"]}}],"collection":[{"href":"https:\/\/mv-malschenberg.de\/index.php\/wp-json\/wp\/v2\/pages"}],"about":[{"href":"https:\/\/mv-malschenberg.de\/index.php\/wp-json\/wp\/v2\/types\/page"}],"author":[{"embeddable":true,"href":"https:\/\/mv-malschenberg.de\/index.php\/wp-json\/wp\/v2\/users\/1"}],"replies":[{"embeddable":true,"href":"https:\/\/mv-malschenberg.de\/index.php\/wp-json\/wp\/v2\/comments?post=1670"}],"version-history":[{"count":25,"href":"https:\/\/mv-malschenberg.de\/index.php\/wp-json\/wp\/v2\/pages\/1670\/revisions"}],"predecessor-version":[{"id":27903,"href":"https:\/\/mv-malschenberg.de\/index.php\/wp-json\/wp\/v2\/pages\/1670\/revisions\/27903"}],"wp:attachment":[{"href":"https:\/\/mv-malschenberg.de\/index.php\/wp-json\/wp\/v2\/media?parent=1670"}],"curies":[{"name":"wp","href":"https:\/\/api.w.org\/{rel}","templated":true}]}}