{"id":1657,"date":"2023-04-24T10:59:31","date_gmt":"2023-04-24T10:59:31","guid":{"rendered":"https:\/\/web32941.greatnet-hosting.de\/?page_id=1657"},"modified":"2026-03-25T09:38:28","modified_gmt":"2026-03-25T08:38:28","slug":"beitrittserklaerung-mitgliedschaft","status":"publish","type":"page","link":"https:\/\/mv-malschenberg.de\/index.php\/beitrittserklaerung-mitgliedschaft\/","title":{"rendered":"Beitrittserkl\u00e4rung &#8211; Mitgliedschaft"},"content":{"rendered":"<div class=\"et_pb_section_0 et_pb_section et_section_regular et_block_section\">\n<div class=\"et_pb_row_0 et_pb_row et_block_row\">\n<div class=\"et_pb_column_0 et_pb_column et_pb_column_4_4 et-last-child et_block_column et_pb_css_mix_blend_mode_passthrough\">\n<div class=\"et_pb_text_0 et_pb_text et_pb_bg_layout_light et_pb_module et_block_module\"><div class=\"et_pb_text_inner\"><h1 itemprop=\"headline\" style=\"text-align: center;\"><span style=\"color: #0000ff;\"><strong>Beitrittserkl\u00e4rung<\/strong><\/span><\/h1>\n<\/div><\/div>\n<\/div>\n<\/div>\n\n<div class=\"et_pb_row_1 et_pb_row et_block_row\">\n<div class=\"et_pb_column_1 et_pb_column et_pb_column_4_4 et-last-child et_block_column et_pb_css_mix_blend_mode_passthrough\">\n<div class=\"et_pb_text_1 et_pb_text et_pb_bg_layout_light et_pb_module et_block_module\"><div class=\"et_pb_text_inner\"><p style=\"font-weight: 400;\"><span style=\"color: #0000ff;\">Vereine basieren auf dem Prinzip der Freiwilligkeit. Ohne Aktivit\u00e4t ist kein Vereinsleben m\u00f6glich. Jeder Verein lebt - direkt oder indirekt - von seinen und durch seine Mitglieder. Um die Existenz des Vereins zu gew\u00e4hrleisten und f\u00fcr die Zukunft zu sichern, ist uns die Werbung von Neumitgliedern ein besonderes Anliegen.<\/span><\/p>\n<p style=\"font-weight: 400;\"><span style=\"color: #0000ff;\">K\u00f6nnten Sie sich unsere Gemeinde ohne Musikverein vorstellen? Ein Musikverein arbeitet und probt nicht nur f\u00fcr sich, sondern auch f\u00fcr die Stadt, die Gemeinde, die Kirche und f\u00fcr andere Vereine.<\/span><\/p>\n<p style=\"font-weight: 400;\"><span style=\"color: #0000ff;\">Man denke an:<\/span><\/p>\n<ul style=\"font-weight: 400;\">\n<li><span style=\"color: #0000ff;\">Feste der \u00f6rtlichen Vereine<\/span><\/li>\n<li><span style=\"color: #0000ff;\">\"Wei\u00dfer\" Sonntag<\/span><\/li>\n<li><span style=\"color: #0000ff;\">Fronleichnam<\/span><\/li>\n<li><span style=\"color: #0000ff;\">St. Martin<\/span><\/li>\n<li><span style=\"color: #0000ff;\">Weihnachtsgottesdienst<\/span><\/li>\n<li><span style=\"color: #0000ff;\">Geburtstagsst\u00e4ndchen<\/span><\/li>\n<\/ul>\n<p style=\"font-weight: 400;\"><span style=\"color: #0000ff;\">Insbesondere ein Musikverein hat enorme feste Ausgaben, z.B. Dirigent, Noten, Jugendausbildung und vor allem die Instandhaltung und der Neukauf von Instrumenten. Um allen Aufgaben gerecht zu werden, brauchen wir Sie als f\u00f6rderndes (passives) Mitglied. Werden Sie Mitglied im Musikverein Trachtenkapelle Harmonie Malschenberg. Die Vorstandschaft, sowie die Musikerinnen und Musiker freuen sich auf Ihren Beitritt und bedanken sich ganz herzlich.<\/span><\/p>\n<p style=\"font-weight: 400;\"><span style=\"color: #0000ff;\">Ihr Musikverein Trachtenkapelle Harmonie Malschenberg e.V.<\/span><\/p>\n<\/div><\/div>\n\n<div class=\"et_pb_text_2 et_pb_text et_pb_bg_layout_light et_pb_module et_block_module\"><div class=\"et_pb_text_inner\"><p><span style=\"font-size: 14px;\">Formular zum Ausdrucken<\/span><\/p>\n<\/div><\/div>\n<\/div>\n<\/div>\n\n<div class=\"et_pb_row_2 et_pb_row et_block_row\">\n<div class=\"et_pb_column_2 et_pb_column et_pb_column_4_4 et-last-child et_block_column et_pb_css_mix_blend_mode_passthrough\">\n<div class=\"et_pb_module et_pb_button_module_wrapper et_pb_button_0_wrapper\"><a class=\"et_pb_button_0 et_pb_button et_pb_bg_layout_light et_pb_module et_block_module\" href=\"https:\/\/mv-malschenberg.de\/wp-content\/uploads\/PDF\/Beitrittserklaerung.pdf\" target=\"_blank\">Formular Beitrittserkl\u00e4rung<\/a><\/div>\n<\/div>\n<\/div>\n<\/div>","protected":false},"excerpt":{"rendered":"","protected":false},"author":1,"featured_media":0,"parent":0,"menu_order":0,"comment_status":"closed","ping_status":"closed","template":"","meta":{"footnotes":""},"class_list":["post-1657","page","type-page","status-publish","hentry"],"_links":{"self":[{"href":"https:\/\/mv-malschenberg.de\/index.php\/wp-json\/wp\/v2\/pages\/1657","targetHints":{"allow":["GET"]}}],"collection":[{"href":"https:\/\/mv-malschenberg.de\/index.php\/wp-json\/wp\/v2\/pages"}],"about":[{"href":"https:\/\/mv-malschenberg.de\/index.php\/wp-json\/wp\/v2\/types\/page"}],"author":[{"embeddable":true,"href":"https:\/\/mv-malschenberg.de\/index.php\/wp-json\/wp\/v2\/users\/1"}],"replies":[{"embeddable":true,"href":"https:\/\/mv-malschenberg.de\/index.php\/wp-json\/wp\/v2\/comments?post=1657"}],"version-history":[{"count":19,"href":"https:\/\/mv-malschenberg.de\/index.php\/wp-json\/wp\/v2\/pages\/1657\/revisions"}],"predecessor-version":[{"id":28102,"href":"https:\/\/mv-malschenberg.de\/index.php\/wp-json\/wp\/v2\/pages\/1657\/revisions\/28102"}],"wp:attachment":[{"href":"https:\/\/mv-malschenberg.de\/index.php\/wp-json\/wp\/v2\/media?parent=1657"}],"curies":[{"name":"wp","href":"https:\/\/api.w.org\/{rel}","templated":true}]}}