{"id":11073,"date":"2023-11-02T11:28:51","date_gmt":"2023-11-02T11:28:51","guid":{"rendered":"https:\/\/mv-malschenberg.de\/?page_id=11073"},"modified":"2026-03-25T07:40:38","modified_gmt":"2026-03-25T06:40:38","slug":"jugendaufruf","status":"publish","type":"page","link":"https:\/\/mv-malschenberg.de\/index.php\/jugendaufruf\/","title":{"rendered":"Jugendaufruf"},"content":{"rendered":"<div class=\"et_pb_section_0 et_pb_section et_section_regular et_block_section\">\n<div class=\"et_pb_row_0 et_pb_row et_block_row\">\n<div class=\"et_pb_column_0 et_pb_column et_pb_column_4_4 et-last-child et_block_column et_pb_css_mix_blend_mode_passthrough\">\n<div class=\"et_pb_text_0 et_pb_text et_pb_bg_layout_light et_pb_module et_block_module\"><div class=\"et_pb_text_inner\"><h1 style=\"text-align: center;\"><strong>Jugend<\/strong><\/h1>\n<\/div><\/div>\n<\/div>\n<\/div>\n\n<div class=\"et_pb_row_1 et_pb_row et_block_row\">\n<div class=\"et_pb_column_1 et_pb_column et_pb_column_4_4 et-last-child et_block_column et_pb_css_mix_blend_mode_passthrough\">\n<div class=\"et_pb_text_1 et_pb_text et_pb_bg_layout_light et_pb_module et_block_module\"><div class=\"et_pb_text_inner\"><p><strong>Der Nachwuchs...<\/strong><\/p>\n<p><strong>Zurzeit gibt es leider keine jugendlichen Interessenten, die sich f\u00fcr die Erlernung eines Instruments begeistern w\u00fcrden.<\/strong><\/p>\n<p><strong>\u00a0<\/strong><\/p>\n<table>\n<tbody>\n<tr>\n<td style=\"width: 1017.27px;\">\n<h4><strong>Jugendarbeit<\/strong><\/h4>\n<\/td>\n<\/tr>\n<tr>\n<td style=\"width: 1017.27px;\"><strong>Zur Wahrung und Existenzerhaltung unseres Vereins w\u00fcrden wir gerne wieder eine Jugend ausbilden. Die Ausbildung des musikalischen Nachwuchses hat f\u00fcr uns einen sehr hohen Stellenwert. Liebe Eltern, sollte Ihr Kind im Alter ab 6 Jahren sein und Interesse am Erlernen eines Instruments haben, melden Sie sich doch bitte bei einer unter \u201eKontakte\u201c aufgef\u00fchrten Person. Wir w\u00fcrden uns \u00fcber Ihren Anruf oder Ihre Mail sehr freuen.<\/strong><\/td>\n<\/tr>\n<\/tbody>\n<\/table>\n<p><strong>\u00a0<\/strong><\/p>\n<p><strong>\u00a0<\/strong><\/p>\n<table>\n<tbody>\n<tr>\n<td style=\"width: 1017.27px;\">\n<h4><strong><span style=\"color: #0a0a0a;\">Unverbindlich schnuppern<\/span><span style=\"font-size: 14px;\">\u00a0<\/span><\/strong><\/h4>\n<\/td>\n<\/tr>\n<tr>\n<td style=\"width: 1017.27px;\"><strong>Es besteht jederzeit die M\u00f6glichkeit bei der w\u00f6chentlichen Probe vorbeizuschauen und hinter die Kulissen zu blicken. Die Probe der Seniorenkapelle findet jeden Freitag ab 20.00 Uhr im Untergeschoss der Brunnenberghalle statt.<\/strong><\/td>\n<\/tr>\n<\/tbody>\n<\/table>\n<p><strong>\u00a0<\/strong><\/p>\n<p><strong>\u00a0<\/strong><\/p>\n<table>\n<tbody>\n<tr>\n<td width=\"604\">\n<h4><strong>Wann beginnt die Ausbildung?<\/strong><\/h4>\n<\/td>\n<\/tr>\n<tr>\n<td width=\"604\"><strong>Es gibt keinen festen Starttermin f\u00fcr die Ausbildung. Dieser k\u00f6nnte individuell nach Abstimmung festgelegt werden<\/strong><\/td>\n<\/tr>\n<\/tbody>\n<\/table>\n<p><strong>\u00a0<\/strong><\/p>\n<p><strong>\u00a0<\/strong><\/p>\n<table>\n<tbody>\n<tr>\n<td width=\"604\">\n<h4><strong>Interesse geweckt?<\/strong><\/h4>\n<\/td>\n<\/tr>\n<tr>\n<td width=\"604\"><strong>Kontakt: <u><a href=\"mailto:erstevorsitzende@mv-malschenberg.de\">erstevorsitzende@mv-malschenberg.de<\/a><\/u><\/strong><\/td>\n<\/tr>\n<\/tbody>\n<\/table>\n<p><strong>\u00a0<\/strong><\/p>\n<\/div><\/div>\n<\/div>\n<\/div>\n<\/div>","protected":false},"excerpt":{"rendered":"","protected":false},"author":1,"featured_media":0,"parent":0,"menu_order":0,"comment_status":"closed","ping_status":"closed","template":"","meta":{"footnotes":""},"class_list":["post-11073","page","type-page","status-publish","hentry"],"_links":{"self":[{"href":"https:\/\/mv-malschenberg.de\/index.php\/wp-json\/wp\/v2\/pages\/11073","targetHints":{"allow":["GET"]}}],"collection":[{"href":"https:\/\/mv-malschenberg.de\/index.php\/wp-json\/wp\/v2\/pages"}],"about":[{"href":"https:\/\/mv-malschenberg.de\/index.php\/wp-json\/wp\/v2\/types\/page"}],"author":[{"embeddable":true,"href":"https:\/\/mv-malschenberg.de\/index.php\/wp-json\/wp\/v2\/users\/1"}],"replies":[{"embeddable":true,"href":"https:\/\/mv-malschenberg.de\/index.php\/wp-json\/wp\/v2\/comments?post=11073"}],"version-history":[{"count":7,"href":"https:\/\/mv-malschenberg.de\/index.php\/wp-json\/wp\/v2\/pages\/11073\/revisions"}],"predecessor-version":[{"id":27900,"href":"https:\/\/mv-malschenberg.de\/index.php\/wp-json\/wp\/v2\/pages\/11073\/revisions\/27900"}],"wp:attachment":[{"href":"https:\/\/mv-malschenberg.de\/index.php\/wp-json\/wp\/v2\/media?parent=11073"}],"curies":[{"name":"wp","href":"https:\/\/api.w.org\/{rel}","templated":true}]}}